{"id":1820,"date":"2018-03-21T15:00:00","date_gmt":"2018-03-21T19:00:00","guid":{"rendered":"https:\/\/www.aclu-de.org\/buscando-ayuda-legal-de-la-aclu\/"},"modified":"2018-03-21T15:00:00","modified_gmt":"2018-03-21T19:00:00","slug":"buscando-ayuda-legal-de-la-aclu","status":"publish","type":"page","link":"https:\/\/www.aclu-de.org\/es\/buscando-ayuda-legal-de-la-aclu\/","title":{"rendered":"Buscando ayuda legal de la ACLU"},"content":{"rendered":"<p>La ACLU-DE trabaja para proteger las libertades y derechos civiles garantizados por la Constituci\u00f3n de los Estados Unidos, especialmente los principios contenidos en la Declaraci\u00f3n de Derechos y la Constituci\u00f3n de Delaware.<\/p>\n<p><a class=\"cta-style-button\" href=\"http:\/\/action.aclu.org\/legal-intake\/de-legal-claim\">CONSIGUE AYUDA<\/a><\/p>\n<p><a class=\"cta-style-arrow-button\" href=\"https:\/\/action.aclu.org\/legal-intake\/police-abuse\">PRESENTA UNA RECLAMACI\u00d3N POR ABUSO POLICIAL<\/a><\/p>\n<p>Si cree que se han violado sus derechos y desea recibir nuestra ayuda, complete nuestro formulario de queja en l\u00ednea haciendo clic en el bot\u00f3n de arriba.<\/p>\n<p>Tambi\u00e9n puede <a href=\"\/www.aclu-de.org\/sites\/default\/files\/field_documents\/aclu-de_legal_intake_form.pdf\">descargar el formulario<\/a> y enviarlo por correo a:&nbsp;<\/p>\n<address>ACLU-DE Complaints<\/address>\n<address>100 West 10th&nbsp;St, Suite 706<\/address>\n<address>Wilmington, DE 19801<\/address>\n<address>&nbsp;<\/address>\n<p>Tambi\u00e9n puede llamar al (302) 654-5326 ext. 107 y podra dejar su informacion de contacto y le enviaremos por correo el formulario de reclamaci\u00f3n.<\/p>\n<p>Nota: Si env\u00eda su queja por correo, favor de mandar copias de la documentaci\u00f3n relevante, pero NO ENV\u00cdE ORIGINALES. No podemos garantizar que su informaci\u00f3n ser\u00e1 devuelta.<\/p>\n<p>La ACLU no es un proveedor de servicios legales generales. Tampoco somos una agencia gubernamental, como el defensor p\u00fablico, o una oficina de servicios legales que ayuda a personas de bajos ingresos. No brindamos servicios de emergencia, excepto en casos muy raros.<\/p>\n<p><strong>Podemos investigar y aceptar muy pocos casos debido a nuestro personal limitado, por lo que nos comunicaremos con usted solo si tenemos la intenci\u00f3n de investigar su problema m\u00e1s a fondo.<\/strong><\/p>\n<p>Las solicitudes de asistencia legal a la ACLU-DE deben realizarse por escrito. Haga clic en el bot\u00f3n a continuaci\u00f3n para obtener m\u00e1s recursos legales si su caso no se ajusta a nuestros criterios.<\/p>\n<p><a class=\"cta-style-button\" href=\"https:\/\/www.aclu-de.org\/other-legal-resources-delaware\/\">Otros recursos legales<\/a><\/p>\n<p><a class=\"cta-style-button\" href=\"https:\/\/www.aclu-de.org\/community-resources\/\">Otros recursos comunitarios<\/a><\/p>\n<h3>Problemas en los que trabajamos<\/h3>\n<ul>\n<li>Libertad de expresi\u00f3n<\/li>\n<li>Actividades religiosas patrocinadas por el gobierno<\/li>\n<li>Interferencia con la pr\u00e1ctica de las creencias religiosas de un individuo.<\/li>\n<li>Privacidad<\/li>\n<li>Discriminaci\u00f3n por motivos de raza, g\u00e9nero, orientaci\u00f3n sexual o discapacidad, religi\u00f3n, edad, origen nacional o estado civil.<\/li>\n<li>Libertad reproductiva<\/li>\n<li>Mala conducta policial<\/li>\n<li>Censura en escuelas o bibliotecas<\/li>\n<li>Derechos constitucionales y educativos de los estudiantes.<\/li>\n<li>Equidad en la aplicaci\u00f3n de la disciplina escolar.<\/li>\n<li>Derecho al voto<\/li>\n<li>Condiciones carcelarias y carcelarias inseguras e inhumanas<\/li>\n<\/ul>\n<h3>Problemas en los que no trabajamos<\/h3>\n<ul>\n<li>Defensa penal o recursos post condena<\/li>\n<li>Desalojos u otros tipos de disputas entre propietarios e inquilinos<\/li>\n<li>Disputas entre empleados y empleadores<\/li>\n<li>Casos de tribunales de familia como divorcio o custodia de los hijos<\/li>\n<li>Problemas fiscales<\/li>\n<li>Testamentos y herencias<\/li>\n<li>Quejas sobre abogados o jueces<\/li>\n<\/ul>\n<p>Solo aceptamos quejas sobre violaciones de las libertades civiles que ocurrieron en Delaware. Si busca ayuda para un problema que ocurri\u00f3 en otro estado, consulte <a href=\"\/www.aclu.org\/affiliates\/\">el directorio nacional de oficinas de la ACLU<\/a>.<\/p>\n<h3>Nota importante sobre los l\u00edmites de fecha:<\/h3>\n<p>Todas las reclamaciones legales tienen l\u00edmites de fecha. Los l\u00edmites de fecha pueden ser diferentes seg\u00fan qui\u00e9n viol\u00f3 sus derechos y seg\u00fan qu\u00e9 derechos fueron violados. Para algunos tipos de infracciones, es posible que deba presentar un reclamo ante una agencia gubernamental antes de poder demandar, y estas agencias generalmente tienen sus propios plazos. La ACLU no puede brindarle asesoramiento sobre los plazos que se aplican a su caso.<\/p>\n<p>Para proteger sus derechos, consulte con un abogado de inmediato para averiguar qu\u00e9 plazos se aplican en su caso.<\/p>\n","protected":false},"excerpt":{"rendered":"<p>La ACLU-DE trabaja para proteger las libertades y derechos civiles garantizados por la Constituci\u00f3n de los Estados Unidos, especialmente los principios contenidos en la Declaraci\u00f3n de Derechos y la Constituci\u00f3n de Delaware. CONSIGUE AYUDA PRESENTA UNA RECLAMACI\u00d3N POR ABUSO POLICIAL Si cree que se han violado sus derechos y desea recibir nuestra ayuda, complete nuestro [&hellip;]<\/p>\n","protected":false},"author":0,"featured_media":0,"parent":0,"menu_order":0,"comment_status":"closed","ping_status":"closed","template":"","meta":{"_acf_changed":false,"_relevanssi_hide_post":"","_relevanssi_hide_content":"","_relevanssi_pin_for_all":"","_relevanssi_pin_keywords":"","_relevanssi_unpin_keywords":"","_relevanssi_related_keywords":"","_relevanssi_related_include_ids":"","_relevanssi_related_exclude_ids":"","_relevanssi_related_no_append":"","_relevanssi_related_not_related":"","_relevanssi_related_posts":"","_relevanssi_noindex_reason":"","footnotes":""},"class_list":["post-1820","page","type-page","status-publish","hentry"],"acf":{"layout":"default","header-group":{"header-description":"","show-subnav":false,"hide-from-subnav":false},"components":[{"acf_fc_layout":"text","text":{"text":"La ACLU-DE trabaja para proteger las libertades y derechos civiles garantizados por la Constituci\u00f3n de los Estados Unidos, especialmente los principios contenidos en la Declaraci\u00f3n de Derechos y la Constituci\u00f3n de Delaware.\n\n<a class=\"cta-style-button\" href=\"http:\/\/action.aclu.org\/legal-intake\/de-legal-claim\">CONSIGUE AYUDA<\/a>\n\n<a class=\"cta-style-arrow-button\" href=\"https:\/\/action.aclu.org\/legal-intake\/police-abuse\">PRESENTA UNA RECLAMACI\u00d3N POR ABUSO POLICIAL<\/a>\n\nSi cree que se han violado sus derechos y desea recibir nuestra ayuda, complete nuestro formulario de queja en l\u00ednea haciendo clic en el bot\u00f3n de arriba.\n\nTambi\u00e9n puede <a href=\"\/www.aclu-de.org\/sites\/default\/files\/field_documents\/aclu-de_legal_intake_form.pdf\">descargar el formulario<\/a> y enviarlo por correo a: "}},{"acf_fc_layout":"migrated","migrated":{"migrated":"<address>ACLU-DE Complaints<\/address><address>100 West 10th\u00a0St, Suite 706<\/address><address>Wilmington, DE 19801<\/address><address>\u00a0<\/address>"}},{"acf_fc_layout":"text","text":{"text":"Tambi\u00e9n puede llamar al (302) 654-5326 ext. 107 y podra dejar su informacion de contacto y le enviaremos por correo el formulario de reclamaci\u00f3n.\n\nNota: Si env\u00eda su queja por correo, favor de mandar copias de la documentaci\u00f3n relevante, pero NO ENV\u00cdE ORIGINALES. No podemos garantizar que su informaci\u00f3n ser\u00e1 devuelta.\n\nLa ACLU no es un proveedor de servicios legales generales. Tampoco somos una agencia gubernamental, como el defensor p\u00fablico, o una oficina de servicios legales que ayuda a personas de bajos ingresos. No brindamos servicios de emergencia, excepto en casos muy raros.\n\n<strong>Podemos investigar y aceptar muy pocos casos debido a nuestro personal limitado, por lo que nos comunicaremos con usted solo si tenemos la intenci\u00f3n de investigar su problema m\u00e1s a fondo.<\/strong>\n\nLas solicitudes de asistencia legal a la ACLU-DE deben realizarse por escrito. Haga clic en el bot\u00f3n a continuaci\u00f3n para obtener m\u00e1s recursos legales si su caso no se ajusta a nuestros criterios.\n\n<a class=\"cta-style-button\" href=\"https:\/\/www.aclu-de.org\/other-legal-resources-delaware\/\">Otros recursos legales<\/a>\n\n<a class=\"cta-style-button\" href=\"https:\/\/www.aclu-de.org\/community-resources\/\">Otros recursos comunitarios<\/a>"}},{"acf_fc_layout":"heading","heading":{"":null,"text":"Problemas en los que trabajamos","anchor":"","sub-heading":"","type":"h3","heading-style":"standard"}},{"acf_fc_layout":"text","text":{"text":"<ul><li>Libertad de expresi\u00f3n<\/li><li>Actividades religiosas patrocinadas por el gobierno<\/li><li>Interferencia con la pr\u00e1ctica de las creencias religiosas de un individuo.<\/li><li>Privacidad<\/li><li>Discriminaci\u00f3n por motivos de raza, g\u00e9nero, orientaci\u00f3n sexual o discapacidad, religi\u00f3n, edad, origen nacional o estado civil.<\/li><li>Libertad reproductiva<\/li><li>Mala conducta policial<\/li><li>Censura en escuelas o bibliotecas<\/li><li>Derechos constitucionales y educativos de los estudiantes.<\/li><li>Equidad en la aplicaci\u00f3n de la disciplina escolar.<\/li><li>Derecho al voto<\/li><li>Condiciones carcelarias y carcelarias inseguras e inhumanas<\/li><\/ul>"}},{"acf_fc_layout":"heading","heading":{"":null,"text":"Problemas en los que no trabajamos","anchor":"","sub-heading":"","type":"h3","heading-style":"standard"}},{"acf_fc_layout":"text","text":{"text":"<ul><li>Defensa penal o recursos post condena<\/li><li>Desalojos u otros tipos de disputas entre propietarios e inquilinos<\/li><li>Disputas entre empleados y empleadores<\/li><li>Casos de tribunales de familia como divorcio o custodia de los hijos<\/li><li>Problemas fiscales<\/li><li>Testamentos y herencias<\/li><li>Quejas sobre abogados o jueces<\/li><\/ul>\n\nSolo aceptamos quejas sobre violaciones de las libertades civiles que ocurrieron en Delaware. Si busca ayuda para un problema que ocurri\u00f3 en otro estado, consulte <a href=\"\/www.aclu.org\/affiliates\/\">el directorio nacional de oficinas de la ACLU<\/a>."}},{"acf_fc_layout":"heading","heading":{"":null,"text":"Nota importante sobre los l\u00edmites de fecha:","anchor":"","sub-heading":"","type":"h3","heading-style":"standard"}},{"acf_fc_layout":"text","text":{"text":"Todas las reclamaciones legales tienen l\u00edmites de fecha. Los l\u00edmites de fecha pueden ser diferentes seg\u00fan qui\u00e9n viol\u00f3 sus derechos y seg\u00fan qu\u00e9 derechos fueron violados. Para algunos tipos de infracciones, es posible que deba presentar un reclamo ante una agencia gubernamental antes de poder demandar, y estas agencias generalmente tienen sus propios plazos. La ACLU no puede brindarle asesoramiento sobre los plazos que se aplican a su caso.\n\nPara proteger sus derechos, consulte con un abogado de inmediato para averiguar qu\u00e9 plazos se aplican en su caso."}}],"section":null,"issues":null,"related_content":[],"documents":null},"yoast_head":"<!-- This site is optimized with the Yoast SEO plugin v24.9 - https:\/\/yoast.com\/wordpress\/plugins\/seo\/ -->\n<title>Buscando ayuda legal de la ACLU - ACLU of Delaware<\/title>\n<meta name=\"robots\" content=\"index, follow, max-snippet:-1, max-image-preview:large, max-video-preview:-1\" \/>\n<link rel=\"canonical\" href=\"https:\/\/www.aclu-de.org\/es\/buscando-ayuda-legal-de-la-aclu\/\" \/>\n<meta property=\"og:locale\" content=\"es_ES\" \/>\n<meta property=\"og:type\" content=\"article\" \/>\n<meta property=\"og:title\" content=\"Buscando ayuda legal de la ACLU - ACLU of Delaware\" \/>\n<meta property=\"og:description\" content=\"La ACLU-DE trabaja para proteger las libertades y derechos civiles garantizados por la Constituci\u00f3n de los Estados Unidos, especialmente los principios contenidos en la Declaraci\u00f3n de Derechos y la Constituci\u00f3n de Delaware. CONSIGUE AYUDA PRESENTA UNA RECLAMACI\u00d3N POR ABUSO POLICIAL Si cree que se han violado sus derechos y desea recibir nuestra ayuda, complete nuestro [&hellip;]\" \/>\n<meta property=\"og:url\" content=\"https:\/\/www.aclu-de.org\/es\/buscando-ayuda-legal-de-la-aclu\/\" \/>\n<meta property=\"og:site_name\" content=\"ACLU of Delaware\" \/>\n<meta property=\"og:image\" content=\"https:\/\/www.aclu-de.org\/app\/themes\/aclu-parent\/img\/default_fb_share.jpg\" \/>\n<meta name=\"twitter:card\" content=\"summary_large_image\" \/>\n<script type=\"application\/ld+json\" class=\"yoast-schema-graph\">{\"@context\":\"https:\/\/schema.org\",\"@graph\":[{\"@type\":\"WebPage\",\"@id\":\"https:\/\/www.aclu-de.org\/es\/buscando-ayuda-legal-de-la-aclu\/\",\"url\":\"https:\/\/www.aclu-de.org\/es\/buscando-ayuda-legal-de-la-aclu\/\",\"name\":\"Buscando ayuda legal de la ACLU - ACLU of Delaware\",\"isPartOf\":{\"@id\":\"https:\/\/www.aclu-de.org\/#website\"},\"datePublished\":\"2018-03-21T19:00:00+00:00\",\"inLanguage\":\"es-ES\",\"potentialAction\":[{\"@type\":\"ReadAction\",\"target\":[\"https:\/\/www.aclu-de.org\/es\/buscando-ayuda-legal-de-la-aclu\/\"]}]},{\"@type\":\"WebSite\",\"@id\":\"https:\/\/www.aclu-de.org\/#website\",\"url\":\"https:\/\/www.aclu-de.org\/\",\"name\":\"ACLU of Delaware\",\"description\":\"\",\"publisher\":{\"@id\":\"https:\/\/www.aclu-de.org\/#organization\"},\"potentialAction\":[{\"@type\":\"SearchAction\",\"target\":{\"@type\":\"EntryPoint\",\"urlTemplate\":\"https:\/\/www.aclu-de.org\/?s={search_term_string}\"},\"query-input\":{\"@type\":\"PropertyValueSpecification\",\"valueRequired\":true,\"valueName\":\"search_term_string\"}}],\"inLanguage\":\"es-ES\"},{\"@type\":\"Organization\",\"@id\":\"https:\/\/www.aclu-de.org\/#organization\",\"name\":\"ACLU of Delaware\",\"url\":\"https:\/\/www.aclu-de.org\/\",\"logo\":{\"@type\":\"ImageObject\",\"inLanguage\":\"es-ES\",\"@id\":\"https:\/\/www.aclu-de.org\/#\/schema\/logo\/image\/\",\"url\":\"https:\/\/www.aclu-de.org\/app\/uploads\/2025\/11\/ACLU_Delaware_Moblie-Web_Color_RGB.png\",\"contentUrl\":\"https:\/\/www.aclu-de.org\/app\/uploads\/2025\/11\/ACLU_Delaware_Moblie-Web_Color_RGB.png\",\"width\":2084,\"height\":2084,\"caption\":\"ACLU of Delaware\"},\"image\":{\"@id\":\"https:\/\/www.aclu-de.org\/#\/schema\/logo\/image\/\"}}]}<\/script>\n<!-- \/ Yoast SEO plugin. -->","yoast_head_json":{"title":"Buscando ayuda legal de la ACLU - ACLU of Delaware","robots":{"index":"index","follow":"follow","max-snippet":"max-snippet:-1","max-image-preview":"max-image-preview:large","max-video-preview":"max-video-preview:-1"},"canonical":"https:\/\/www.aclu-de.org\/es\/buscando-ayuda-legal-de-la-aclu\/","og_locale":"es_ES","og_type":"article","og_title":"Buscando ayuda legal de la ACLU - ACLU of Delaware","og_description":"La ACLU-DE trabaja para proteger las libertades y derechos civiles garantizados por la Constituci\u00f3n de los Estados Unidos, especialmente los principios contenidos en la Declaraci\u00f3n de Derechos y la Constituci\u00f3n de Delaware. CONSIGUE AYUDA PRESENTA UNA RECLAMACI\u00d3N POR ABUSO POLICIAL Si cree que se han violado sus derechos y desea recibir nuestra ayuda, complete nuestro [&hellip;]","og_url":"https:\/\/www.aclu-de.org\/es\/buscando-ayuda-legal-de-la-aclu\/","og_site_name":"ACLU of Delaware","og_image":[{"url":"https:\/\/www.aclu-de.org\/app\/themes\/aclu-parent\/img\/default_fb_share.jpg","type":"","width":"","height":""}],"twitter_card":"summary_large_image","schema":{"@context":"https:\/\/schema.org","@graph":[{"@type":"WebPage","@id":"https:\/\/www.aclu-de.org\/es\/buscando-ayuda-legal-de-la-aclu\/","url":"https:\/\/www.aclu-de.org\/es\/buscando-ayuda-legal-de-la-aclu\/","name":"Buscando ayuda legal de la ACLU - ACLU of Delaware","isPartOf":{"@id":"https:\/\/www.aclu-de.org\/#website"},"datePublished":"2018-03-21T19:00:00+00:00","inLanguage":"es-ES","potentialAction":[{"@type":"ReadAction","target":["https:\/\/www.aclu-de.org\/es\/buscando-ayuda-legal-de-la-aclu\/"]}]},{"@type":"WebSite","@id":"https:\/\/www.aclu-de.org\/#website","url":"https:\/\/www.aclu-de.org\/","name":"ACLU of Delaware","description":"","publisher":{"@id":"https:\/\/www.aclu-de.org\/#organization"},"potentialAction":[{"@type":"SearchAction","target":{"@type":"EntryPoint","urlTemplate":"https:\/\/www.aclu-de.org\/?s={search_term_string}"},"query-input":{"@type":"PropertyValueSpecification","valueRequired":true,"valueName":"search_term_string"}}],"inLanguage":"es-ES"},{"@type":"Organization","@id":"https:\/\/www.aclu-de.org\/#organization","name":"ACLU of Delaware","url":"https:\/\/www.aclu-de.org\/","logo":{"@type":"ImageObject","inLanguage":"es-ES","@id":"https:\/\/www.aclu-de.org\/#\/schema\/logo\/image\/","url":"https:\/\/www.aclu-de.org\/app\/uploads\/2025\/11\/ACLU_Delaware_Moblie-Web_Color_RGB.png","contentUrl":"https:\/\/www.aclu-de.org\/app\/uploads\/2025\/11\/ACLU_Delaware_Moblie-Web_Color_RGB.png","width":2084,"height":2084,"caption":"ACLU of Delaware"},"image":{"@id":"https:\/\/www.aclu-de.org\/#\/schema\/logo\/image\/"}}]}},"distributor_meta":false,"distributor_terms":false,"distributor_media":false,"distributor_original_site_name":"ACLU of Delaware","distributor_original_site_url":"https:\/\/www.aclu-de.org\/es\/","push-errors":false,"_links":{"self":[{"href":"https:\/\/www.aclu-de.org\/es\/wp-json\/wp\/v2\/pages\/1820","targetHints":{"allow":["GET"]}}],"collection":[{"href":"https:\/\/www.aclu-de.org\/es\/wp-json\/wp\/v2\/pages"}],"about":[{"href":"https:\/\/www.aclu-de.org\/es\/wp-json\/wp\/v2\/types\/page"}],"replies":[{"embeddable":true,"href":"https:\/\/www.aclu-de.org\/es\/wp-json\/wp\/v2\/comments?post=1820"}],"version-history":[{"count":0,"href":"https:\/\/www.aclu-de.org\/es\/wp-json\/wp\/v2\/pages\/1820\/revisions"}],"wp:attachment":[{"href":"https:\/\/www.aclu-de.org\/es\/wp-json\/wp\/v2\/media?parent=1820"}],"curies":[{"name":"wp","href":"https:\/\/api.w.org\/{rel}","templated":true}]}}