{"id":2338,"date":"2022-06-13T15:15:00","date_gmt":"2022-06-13T19:15:00","guid":{"rendered":"https:\/\/www.aclu-de.org\/votamos-we-vote-coalition-2\/"},"modified":"2022-06-13T15:15:00","modified_gmt":"2022-06-13T19:15:00","slug":"votamos-we-vote-coalition-2","status":"publish","type":"page","link":"https:\/\/www.aclu-de.org\/es\/votamos-we-vote-coalition-2\/","title":{"rendered":"Votamos, We Vote Coalition"},"content":{"rendered":"<p>La Coalici\u00f3n Votamos We Vote tiene como objetivo involucrar a los votantes latinos en el Primer Estado y construir su poder pol\u00edtico.<br \/>\n<!--more--><\/p>\n<h2>\u00bfQuienes somos?&nbsp;<\/h2>\n<p>En el context de una elecci\u00f3n presidencial hist\u00f3rica y la pandemia mundial, grupos de defensa de todo Delaware formaron la coalici\u00f3n Votamos, We Vote.&nbsp;<\/p>\n<p><strong>La misi\u00f3n de la coalici\u00f3n es involucrar a los votantes latinos en el Primer Estado y construir su poder pol\u00edtico.&nbsp;<\/strong><\/p>\n<p>La comunidad latina de Delaware est\u00e1 creciendo significativamente, particularmente en la parte rural del sur del estado, donde los inmigrantes se han mudado para trabajar en f\u00e1bricas, granjas y viveros av\u00edcolas. <strong>Con el crecimiento de las comunidades de inmigrantes, la necesidad de una defensa efectiva y colaborativa en temas que van desde el acceso a la atenci\u00f3n m\u00e9dica, la aplicaci\u00f3n de la ley y el acceso a los servicios gubernamentales ha aumentado exponencialmente. <\/strong>En 2020, el impacto del COVID-19 fue particularmente duro para la gente latina. Seis meses desde que comenz\u00f3 la pandemia, se hab\u00eda diagnosticado a m\u00e1s de 1,000 trabajadores av\u00edcolas y se hab\u00edan reportado siete muertes. Los ni\u00f1os latinos representaron entre el 47% y el 60% de todas las infecciones juveniles por COVID-19 en el estado, a pesar de que solo representan el 13% de la poblaci\u00f3n del estado.&nbsp;<\/p>\n<p><a class=\"cta-style-arrow-button\" href=\"https:\/\/www.votamosde.org\/\">Visite nuestro p\u00e1gina web<\/a><\/p>\n<hr>\n<h2>Socios de la coalici\u00f3n<\/h2>\n<ul>\n<li aria-level=\"1\"><a href=\"https:\/\/www.aclu-de.org\/about-us\/\">ACLU of Delaware&nbsp;<\/a><\/li>\n<li aria-level=\"1\"><a href=\"https:\/\/www.poorpeoplescampaign.org\/committee\/delaware\/\">DE coalici\u00f3n de derechos civiles<\/a><\/li>\n<li aria-level=\"1\"><a href=\"https:\/\/www.facebook.com\/DelawareAlliance\/\">DelACA<\/a><\/li>\n<li aria-level=\"1\"><a href=\"https:\/\/elections.delaware.gov\/\">Comisionado del Departamento de Elecciones <\/a><\/li>\n<li aria-level=\"1\"><a href=\"https:\/\/www.thelatincenter.org\/\">Centro Comunitario Latinoamericano <\/a><\/li>\n<li aria-level=\"1\"><a href=\"https:\/\/my.lwv.org\/delaware\">Liga de Mujeres Votantes - Delaware <\/a><\/li>\n<li aria-level=\"1\"><a href=\"https:\/\/thenetworkde.org\/\">Red Delaware <\/a><\/li>\n<li aria-level=\"1\"><a href=\"https:\/\/ltgov.delaware.gov\/\">La Oficina del Vicegobernador de Delaware<\/a><\/li>\n<li aria-level=\"1\"><a href=\"https:\/\/www.facebook.com\/uudelawareadvocacynetwork\/\">Red de defensa unitaria universalista de Delaware<\/a><\/li>\n<li aria-level=\"1\">Wilmington - NAACP<\/li>\n<li aria-level=\"1\"><a href=\"https:\/\/www.ywcade.org\/\">YWCA Delaware<\/a><\/li>\n<\/ul>\n<hr>\n<h2>Nuestro trabajo<\/h2>\n<p>El gobierno estatal de Delaware tiene una trifecta controlada por los dem\u00f3cratas, pero lograr victorias progresistas en materia de inmigraci\u00f3n en la legislatura ha sido un desaf\u00edo. La pandemia de COVID-19 expuso muchas de las disparidades que siente la comunidad latina, esas injusticias son muy anteriores al virus.&nbsp;<\/p>\n<p>Hubo poco compromiso c\u00edvico dirigido a estas comunidades antes de 2020 y la formaci\u00f3n de la coalici\u00f3n VOTAMOS We Vote. Dados los importantes desaf\u00edos que enfrentan los latinos en Delaware, la coalici\u00f3n deseaba aumentar su poder pol\u00edtico y sentar las bases para futuras actividades de defensa de cuestiones cr\u00edticas de libertades civiles.&nbsp;<\/p>\n<p>Como parte de nuestro trabajo en 2020, la Coalici\u00f3n VOTAMOS logr\u00f3 lo siguiente:&nbsp;<\/p>\n<ul>\n<li>Enviar m\u00e1s de 10,000 mensajes de texto a votantes latinos registrados, anim\u00e1ndolos a hacer un plan para votar y representar a su comunidad en las casillas de votos.&nbsp;<\/li>\n<li>Se realizaron encuestas sobre eventos comunitarios, se registraron clientes para votar en agencias de servicios sociales y se proporcion\u00f3 literatura sobre la importancia de las elecciones de 2020.&nbsp;<\/li>\n<li>Organiz\u00f3 m\u00faltiples eventos virtuales comunitarios y entro otros eventos de varios medios de comunicaci\u00f3n, donde los miembros de la coalici\u00f3n hablaron sobre la importancia del voto y su impacto en la inmigraci\u00f3n.&nbsp;<\/li>\n<li>Lanz\u00f3 un programa de radio semanal en la radio de habla hispana en el sur de Delaware, donde nuestra coalici\u00f3n present\u00f3 las voces de inmigrantes indocumentados para hablar sobre los temas de la boleta que m\u00e1s los impactaron.&nbsp;<\/li>\n<\/ul>\n<p>Durante las elecciones de mitad de per\u00edodo de 2022, la Coalici\u00f3n VOTAMOS lider\u00f3 esfuerzos para:&nbsp;<\/p>\n<ul>\n<li>Launch a Spanish-language voter education website, <a href=\"http:\/\/VotamosDE.org\">VotamosDE.org<\/a>.&nbsp;<\/li>\n<li>Reclutar trabajadores electorales biling\u00fces (ES\/EN) y trabajar con el Departamento de Elecciones para identificar lugares de votaci\u00f3n con un alto n\u00famero de votantes de habla hispana.&nbsp;<\/li>\n<li>Crear y traduzcir la Gu\u00eda para el&nbsp;<a href=\"https:\/\/www.aclu-de.org\/news\/how-vote-delawares-2022-general-election-updated-voter-guide-now-available\/\">Votante 2022<\/a> en colaboraci\u00f3n con la Coalici\u00f3n por los Derechos del Votante de Delaware.&nbsp;<\/li>\n<li>B\u00fasqueda de temas de reforma de la justicia y los derechos de los inmigrantes en distritos electorales con un alto n\u00famero de votantes de habla hispana&nbsp;<\/li>\n<li>Involucrar e informar a los votantes de habla hispana a trav\u00e9s de publicidad en radio y televisi\u00f3n en espa\u00f1ol, medios impresos y digitales y divulgaci\u00f3n en las redes sociales.&nbsp;<\/li>\n<li>Resalte informaci\u00f3n importante sobre educaci\u00f3n electoral y temas que impactan a las comunidades latinas en Delaware en el programa de radio semanal <a href=\"https:\/\/www.aclu-de.org\/publications\/entre-nosotrs\/\">Entre Nosotr@s<\/a>.&nbsp;<\/li>\n<\/ul>\n<hr>\n<h2>Mirando hacia el future&nbsp;<\/h2>\n<p>Defender los derechos y libertades civiles de los inmigrantes es importante para todos nosotros. Cuando el gobierno tiene el poder de negar el debido proceso y otros derechos legales a un grupo vulnerable, los derechos de todos est\u00e1n en riesgo.&nbsp;<\/p>\n<p>A medida que los ataques pol\u00edticos contra los inmigrantes contin\u00faan aumentando en 2023, entendemos que lo que est\u00e1 en juego no ha hecho m\u00e1s que aumentar. La Coalici\u00f3n VOTAMOS sigue comprometida a luchar contra las crueles pol\u00edticas anti-inmigrantes y defender los derechos y libertades civiles garantizados constitucionalmente de todas las personas en este pa\u00eds, independientemente de su documentaci\u00f3n, estatus de refugiado o inmigraci\u00f3n.&nbsp;<\/p>\n<p>En 2023, la Coalici\u00f3n VOTAMOS luchar\u00e1 por:&nbsp;<\/p>\n<ul>\n<li>Mayor participaci\u00f3n latina en las pr\u00f3ximas elecciones de la Junta Escolar.&nbsp;<\/li>\n<li>Legislaci\u00f3n que brinda cobertura m\u00e9dica, as\u00ed como otras v\u00edas para ampliar la protecci\u00f3n de los ni\u00f1os indocumentados.&nbsp;<\/li>\n<li>Pol\u00edticas que promulgan protecciones legales, completas con mecanismos de aplicaci\u00f3n que priorizan la transparencia y la rendici\u00f3n de cuentas, contra el intercambio de informaci\u00f3n con el Departamento de Seguridad Nacional.&nbsp;<\/li>\n<li>Ordenar la presencia de empleados dedicados al idioma espa\u00f1ol que estar\u00e1n disponibles para ayudar a las personas que requieran servicios en espa\u00f1ol en todas las oficinas estatales.&nbsp;<\/li>\n<li>M\u00e1s oportunidades de financiaci\u00f3n para los beneficiarios de DACA, as\u00ed como v\u00edas para que los beneficiarios de DACA crezcan profesionalmente.&nbsp;<\/li>\n<\/ul>\n<hr>\n<h2>Programa Radio Entre Nosotr@s&nbsp;<\/h2>\n<p>ENTRE NOSOTR@S es la voz de la poblaci\u00f3n hispana transmitida sobre el radio de Delaware presentando a la comunidad indocumentada. El programa, financiado por ACLU-DE, es una iniciativa de Votamos We Vote, una coalici\u00f3n de 12 organizaciones encabezadas por la Comisi\u00f3n Hispana de Delaware.&nbsp;<\/p>\n<p>El llamado a la acci\u00f3n de ENTRE NOSOTR@S es ser el medio excepcional en el que la comunidad indocumentada de Delaware pueda hablar aut\u00e9nticamente para que se pueda nombrar el contexto social, econ\u00f3mico y pol\u00edtico que crea la \"indocumentaci\u00f3n\".<\/p>\n<p><a class=\"cta-style-arrow-button\" href=\"https:\/\/www.aclu-de.org\/publications\/entre-nosotrs\/\">Aprende m\u00e1s<\/a><\/p>\n","protected":false},"excerpt":{"rendered":"<p>La Coalici\u00f3n Votamos We Vote tiene como objetivo involucrar a los votantes latinos en el Primer Estado y construir su poder pol\u00edtico.<\/p>\n","protected":false},"author":0,"featured_media":2337,"parent":0,"menu_order":0,"comment_status":"closed","ping_status":"closed","template":"","meta":{"_acf_changed":false,"_relevanssi_hide_post":"","_relevanssi_hide_content":"","_relevanssi_pin_for_all":"","_relevanssi_pin_keywords":"","_relevanssi_unpin_keywords":"","_relevanssi_related_keywords":"","_relevanssi_related_include_ids":"","_relevanssi_related_exclude_ids":"","_relevanssi_related_no_append":"","_relevanssi_related_not_related":"","_relevanssi_related_posts":"","_relevanssi_noindex_reason":"","footnotes":""},"class_list":["post-2338","page","type-page","status-publish","has-post-thumbnail","hentry"],"acf":{"layout":"default","header-group":{"header-description":"La Coalici\u00f3n Votamos We Vote tiene como objetivo involucrar a los votantes latinos en el Primer Estado y construir su poder pol\u00edtico.\n","show-subnav":false,"hide-from-subnav":false},"components":[{"acf_fc_layout":"heading","heading":{"":null,"text":"\u00bfQuienes somos?\u00a0","anchor":"","sub-heading":"","type":"h2","heading-style":"standard"}},{"acf_fc_layout":"heading","heading":{"":null,"text":"","anchor":"","sub-heading":"","type":"h2","heading-style":"standard"}},{"acf_fc_layout":"text","text":{"text":""}},{"acf_fc_layout":"heading","heading":{"":null,"text":"Socios de la coalici\u00f3n","anchor":"","sub-heading":"","type":"h2","heading-style":"standard"}},{"acf_fc_layout":"text","text":{"text":"<ul><li><a href=\"https:\/\/www.aclu-de.org\/about-us\/\">ACLU of Delaware <\/a><\/li><li><a href=\"https:\/\/www.poorpeoplescampaign.org\/committee\/delaware\/\">DE coalici\u00f3n de derechos civiles<\/a><\/li><li><a href=\"https:\/\/www.facebook.com\/DelawareAlliance\/\">DelACA<\/a><\/li><li><a href=\"https:\/\/elections.delaware.gov\/\">Comisionado del Departamento de Elecciones <\/a><\/li><li><a href=\"https:\/\/www.thelatincenter.org\/\">Centro Comunitario Latinoamericano <\/a><\/li><li><a href=\"https:\/\/my.lwv.org\/delaware\">Liga de Mujeres Votantes - Delaware <\/a><\/li><li><a href=\"https:\/\/thenetworkde.org\/\">Red Delaware <\/a><\/li><li><a href=\"https:\/\/ltgov.delaware.gov\/\">La Oficina del Vicegobernador de Delaware<\/a><\/li><li><a href=\"https:\/\/www.facebook.com\/uudelawareadvocacynetwork\/\">Red de defensa unitaria universalista de Delaware<\/a><\/li><li>Wilmington - NAACP<\/li><li><a href=\"https:\/\/www.ywcade.org\/\">YWCA Delaware<\/a><\/li><\/ul>"}},{"acf_fc_layout":"heading","heading":{"":null,"text":"","anchor":"","sub-heading":"","type":"h2","heading-style":"standard"}},{"acf_fc_layout":"content_link","content_link":{"":null,"content_link_field_group":{"url":"","":null,"title_override":"","image_override":null,"hide_description":false,"description":"","title":"","og-title":"","og-image":null,"og-site-name":""},"card_variant":"vertical","hide_image":false,"width":"standard","alignment":"left"}},{"acf_fc_layout":"accordion","accordion":{"turn_on_faq":false,"list_style":false,"accordion-title":"","description":"","accordion-items":null}},{"acf_fc_layout":"shared-expandable-card","shared-expandable-card":{"":null,"title":"","description":"","content":"","link":"","link_button_text":"","image":null,"width":"full"}}],"section":null,"issues":[5453,5453,5441],"related_content":[5931,8023,7975,7921,6316,6298],"documents":null},"yoast_head":"<!-- This site is optimized with the Yoast SEO plugin v24.9 - https:\/\/yoast.com\/wordpress\/plugins\/seo\/ -->\n<title>Votamos, We Vote Coalition - ACLU of Delaware<\/title>\n<meta name=\"robots\" content=\"index, follow, max-snippet:-1, max-image-preview:large, max-video-preview:-1\" \/>\n<link rel=\"canonical\" href=\"http:\/\/www.aclu-de.org\/es\/votamos-we-vote-coalition-2\/\" \/>\n<meta property=\"og:locale\" content=\"es_ES\" \/>\n<meta property=\"og:type\" content=\"article\" \/>\n<meta property=\"og:title\" content=\"Votamos, We Vote Coalition - ACLU of Delaware\" \/>\n<meta property=\"og:description\" content=\"La Coalici\u00f3n Votamos We Vote tiene como objetivo involucrar a los votantes latinos en el Primer Estado y construir su poder pol\u00edtico.\" \/>\n<meta property=\"og:url\" content=\"https:\/\/www.aclu-de.org\/es\/votamos-we-vote-coalition-2\/\" \/>\n<meta property=\"og:site_name\" content=\"ACLU of Delaware\" \/>\n<meta property=\"og:image\" content=\"https:\/\/www.aclu-de.org\/app\/themes\/aclu-parent\/img\/default_fb_share.jpg\" \/>\n<meta name=\"twitter:card\" content=\"summary_large_image\" \/>\n<script type=\"application\/ld+json\" class=\"yoast-schema-graph\">{\"@context\":\"https:\/\/schema.org\",\"@graph\":[{\"@type\":\"WebPage\",\"@id\":\"http:\/\/www.aclu-de.org\/es\/votamos-we-vote-coalition-2\/\",\"url\":\"http:\/\/www.aclu-de.org\/es\/votamos-we-vote-coalition-2\/\",\"name\":\"Votamos, We Vote Coalition - ACLU of Delaware\",\"isPartOf\":{\"@id\":\"https:\/\/www.aclu-de.org\/#website\"},\"primaryImageOfPage\":{\"@id\":\"http:\/\/www.aclu-de.org\/es\/votamos-we-vote-coalition-2\/#primaryimage\"},\"image\":{\"@id\":\"http:\/\/www.aclu-de.org\/es\/votamos-we-vote-coalition-2\/#primaryimage\"},\"thumbnailUrl\":\"https:\/\/www.aclu-de.org\/app\/uploads\/2022\/06\/votamos_we_vote_feat_image.jpg\",\"datePublished\":\"2022-06-13T19:15:00+00:00\",\"inLanguage\":\"es-ES\",\"potentialAction\":[{\"@type\":\"ReadAction\",\"target\":[\"http:\/\/www.aclu-de.org\/es\/votamos-we-vote-coalition-2\/\"]}]},{\"@type\":\"ImageObject\",\"inLanguage\":\"es-ES\",\"@id\":\"http:\/\/www.aclu-de.org\/es\/votamos-we-vote-coalition-2\/#primaryimage\",\"url\":\"https:\/\/www.aclu-de.org\/app\/uploads\/2022\/06\/votamos_we_vote_feat_image.jpg\",\"contentUrl\":\"https:\/\/www.aclu-de.org\/app\/uploads\/2022\/06\/votamos_we_vote_feat_image.jpg\",\"width\":1160,\"height\":775},{\"@type\":\"WebSite\",\"@id\":\"https:\/\/www.aclu-de.org\/#website\",\"url\":\"https:\/\/www.aclu-de.org\/\",\"name\":\"ACLU of Delaware\",\"description\":\"\",\"publisher\":{\"@id\":\"https:\/\/www.aclu-de.org\/#organization\"},\"potentialAction\":[{\"@type\":\"SearchAction\",\"target\":{\"@type\":\"EntryPoint\",\"urlTemplate\":\"https:\/\/www.aclu-de.org\/?s={search_term_string}\"},\"query-input\":{\"@type\":\"PropertyValueSpecification\",\"valueRequired\":true,\"valueName\":\"search_term_string\"}}],\"inLanguage\":\"es-ES\"},{\"@type\":\"Organization\",\"@id\":\"https:\/\/www.aclu-de.org\/#organization\",\"name\":\"ACLU of Delaware\",\"url\":\"https:\/\/www.aclu-de.org\/\",\"logo\":{\"@type\":\"ImageObject\",\"inLanguage\":\"es-ES\",\"@id\":\"https:\/\/www.aclu-de.org\/#\/schema\/logo\/image\/\",\"url\":\"https:\/\/www.aclu-de.org\/app\/uploads\/2025\/11\/ACLU_Delaware_Moblie-Web_Color_RGB.png\",\"contentUrl\":\"https:\/\/www.aclu-de.org\/app\/uploads\/2025\/11\/ACLU_Delaware_Moblie-Web_Color_RGB.png\",\"width\":2084,\"height\":2084,\"caption\":\"ACLU of Delaware\"},\"image\":{\"@id\":\"https:\/\/www.aclu-de.org\/#\/schema\/logo\/image\/\"}}]}<\/script>\n<!-- \/ Yoast SEO plugin. -->","yoast_head_json":{"title":"Votamos, We Vote Coalition - ACLU of Delaware","robots":{"index":"index","follow":"follow","max-snippet":"max-snippet:-1","max-image-preview":"max-image-preview:large","max-video-preview":"max-video-preview:-1"},"canonical":"http:\/\/www.aclu-de.org\/es\/votamos-we-vote-coalition-2\/","og_locale":"es_ES","og_type":"article","og_title":"Votamos, We Vote Coalition - ACLU of Delaware","og_description":"La Coalici\u00f3n Votamos We Vote tiene como objetivo involucrar a los votantes latinos en el Primer Estado y construir su poder pol\u00edtico.","og_url":"https:\/\/www.aclu-de.org\/es\/votamos-we-vote-coalition-2\/","og_site_name":"ACLU of Delaware","og_image":[{"url":"https:\/\/www.aclu-de.org\/app\/themes\/aclu-parent\/img\/default_fb_share.jpg","type":"","width":"","height":""}],"twitter_card":"summary_large_image","schema":{"@context":"https:\/\/schema.org","@graph":[{"@type":"WebPage","@id":"http:\/\/www.aclu-de.org\/es\/votamos-we-vote-coalition-2\/","url":"http:\/\/www.aclu-de.org\/es\/votamos-we-vote-coalition-2\/","name":"Votamos, We Vote Coalition - ACLU of Delaware","isPartOf":{"@id":"https:\/\/www.aclu-de.org\/#website"},"primaryImageOfPage":{"@id":"http:\/\/www.aclu-de.org\/es\/votamos-we-vote-coalition-2\/#primaryimage"},"image":{"@id":"http:\/\/www.aclu-de.org\/es\/votamos-we-vote-coalition-2\/#primaryimage"},"thumbnailUrl":"https:\/\/www.aclu-de.org\/app\/uploads\/2022\/06\/votamos_we_vote_feat_image.jpg","datePublished":"2022-06-13T19:15:00+00:00","inLanguage":"es-ES","potentialAction":[{"@type":"ReadAction","target":["http:\/\/www.aclu-de.org\/es\/votamos-we-vote-coalition-2\/"]}]},{"@type":"ImageObject","inLanguage":"es-ES","@id":"http:\/\/www.aclu-de.org\/es\/votamos-we-vote-coalition-2\/#primaryimage","url":"https:\/\/www.aclu-de.org\/app\/uploads\/2022\/06\/votamos_we_vote_feat_image.jpg","contentUrl":"https:\/\/www.aclu-de.org\/app\/uploads\/2022\/06\/votamos_we_vote_feat_image.jpg","width":1160,"height":775},{"@type":"WebSite","@id":"https:\/\/www.aclu-de.org\/#website","url":"https:\/\/www.aclu-de.org\/","name":"ACLU of Delaware","description":"","publisher":{"@id":"https:\/\/www.aclu-de.org\/#organization"},"potentialAction":[{"@type":"SearchAction","target":{"@type":"EntryPoint","urlTemplate":"https:\/\/www.aclu-de.org\/?s={search_term_string}"},"query-input":{"@type":"PropertyValueSpecification","valueRequired":true,"valueName":"search_term_string"}}],"inLanguage":"es-ES"},{"@type":"Organization","@id":"https:\/\/www.aclu-de.org\/#organization","name":"ACLU of Delaware","url":"https:\/\/www.aclu-de.org\/","logo":{"@type":"ImageObject","inLanguage":"es-ES","@id":"https:\/\/www.aclu-de.org\/#\/schema\/logo\/image\/","url":"https:\/\/www.aclu-de.org\/app\/uploads\/2025\/11\/ACLU_Delaware_Moblie-Web_Color_RGB.png","contentUrl":"https:\/\/www.aclu-de.org\/app\/uploads\/2025\/11\/ACLU_Delaware_Moblie-Web_Color_RGB.png","width":2084,"height":2084,"caption":"ACLU of Delaware"},"image":{"@id":"https:\/\/www.aclu-de.org\/#\/schema\/logo\/image\/"}}]}},"distributor_meta":false,"distributor_terms":false,"distributor_media":false,"distributor_original_site_name":"ACLU of Delaware","distributor_original_site_url":"https:\/\/www.aclu-de.org\/es\/","push-errors":false,"_links":{"self":[{"href":"https:\/\/www.aclu-de.org\/es\/wp-json\/wp\/v2\/pages\/2338","targetHints":{"allow":["GET"]}}],"collection":[{"href":"https:\/\/www.aclu-de.org\/es\/wp-json\/wp\/v2\/pages"}],"about":[{"href":"https:\/\/www.aclu-de.org\/es\/wp-json\/wp\/v2\/types\/page"}],"replies":[{"embeddable":true,"href":"https:\/\/www.aclu-de.org\/es\/wp-json\/wp\/v2\/comments?post=2338"}],"version-history":[{"count":0,"href":"https:\/\/www.aclu-de.org\/es\/wp-json\/wp\/v2\/pages\/2338\/revisions"}],"acf:post":[{"embeddable":true,"href":"https:\/\/www.aclu-de.org\/es\/wp-json\/wp\/v2\/press_release\/6298"},{"embeddable":true,"href":"https:\/\/www.aclu-de.org\/es\/wp-json\/wp\/v2\/press_release\/6316"},{"embeddable":true,"href":"https:\/\/www.aclu-de.org\/es\/wp-json\/wp\/v2\/posts\/7921"},{"embeddable":true,"href":"https:\/\/www.aclu-de.org\/es\/wp-json\/wp\/v2\/posts\/7975"},{"embeddable":true,"href":"https:\/\/www.aclu-de.org\/es\/wp-json\/wp\/v2\/posts\/8023"},{"embeddable":true,"href":"https:\/\/www.aclu-de.org\/es\/wp-json\/wp\/v2\/pages\/5931"},{"embeddable":true,"href":"https:\/\/www.aclu-de.org\/es\/wp-json\/wp\/v2\/issue\/5441"},{"embeddable":true,"href":"https:\/\/www.aclu-de.org\/es\/wp-json\/wp\/v2\/issue\/5453"}],"wp:featuredmedia":[{"embeddable":true,"href":"https:\/\/www.aclu-de.org\/es\/wp-json\/wp\/v2\/media\/2337"}],"wp:attachment":[{"href":"https:\/\/www.aclu-de.org\/es\/wp-json\/wp\/v2\/media?parent=2338"}],"curies":[{"name":"wp","href":"https:\/\/api.w.org\/{rel}","templated":true}]}}